{"id":137,"date":"2025-06-19T12:41:20","date_gmt":"2025-06-19T15:41:20","guid":{"rendered":"https:\/\/honradoassessoria.com.br\/?page_id=137"},"modified":"2025-07-01T18:27:37","modified_gmt":"2025-07-01T21:27:37","slug":"honrado-assessoria","status":"publish","type":"page","link":"https:\/\/honradoassessoria.com.br\/","title":{"rendered":"In\u00edcio"},"content":{"rendered":"\n\n\n\n\n\n\n\n\n\n\n\n\n\n\n\n","protected":false},"excerpt":{"rendered":"","protected":false},"author":1,"featured_media":0,"parent":0,"menu_order":0,"comment_status":"closed","ping_status":"closed","template":"","meta":{"saved_in_kubio":true,"site-sidebar-layout":"default","site-content-layout":"","ast-site-content-layout":"default","site-content-style":"default","site-sidebar-style":"default","ast-global-header-display":"","ast-banner-title-visibility":"","ast-main-header-display":"","ast-hfb-above-header-display":"","ast-hfb-below-header-display":"","ast-hfb-mobile-header-display":"","site-post-title":"","ast-breadcrumbs-content":"","ast-featured-img":"","footer-sml-layout":"","theme-transparent-header-meta":"default","adv-header-id-meta":"","stick-header-meta":"","header-above-stick-meta":"","header-main-stick-meta":"","header-below-stick-meta":"","astra-migrate-meta-layouts":"set","ast-page-background-enabled":"default","ast-page-background-meta":{"desktop":{"background-color":"var(--ast-global-color-5)","background-image":"","background-repeat":"repeat","background-position":"center center","background-size":"auto","background-attachment":"scroll","background-type":"","background-media":"","overlay-type":"","overlay-color":"","overlay-opacity":"","overlay-gradient":""},"tablet":{"background-color":"","background-image":"","background-repeat":"repeat","background-position":"center center","background-size":"auto","background-attachment":"scroll","background-type":"","background-media":"","overlay-type":"","overlay-color":"","overlay-opacity":"","overlay-gradient":""},"mobile":{"background-color":"","background-image":"","background-repeat":"repeat","background-position":"center center","background-size":"auto","background-attachment":"scroll","background-type":"","background-media":"","overlay-type":"","overlay-color":"","overlay-opacity":"","overlay-gradient":""}},"ast-content-background-meta":{"desktop":{"background-color":"var(--ast-global-color-4)","background-image":"","background-repeat":"repeat","background-position":"center center","background-size":"auto","background-attachment":"scroll","background-type":"","background-media":"","overlay-type":"","overlay-color":"","overlay-opacity":"","overlay-gradient":""},"tablet":{"background-color":"var(--ast-global-color-4)","background-image":"","background-repeat":"repeat","background-position":"center center","background-size":"auto","background-attachment":"scroll","background-type":"","background-media":"","overlay-type":"","overlay-color":"","overlay-opacity":"","overlay-gradient":""},"mobile":{"background-color":"var(--ast-global-color-4)","background-image":"","background-repeat":"repeat","background-position":"center center","background-size":"auto","background-attachment":"scroll","background-type":"","background-media":"","overlay-type":"","overlay-color":"","overlay-opacity":"","overlay-gradient":""}},"_themeisle_gutenberg_block_has_review":false,"footnotes":""},"class_list":["post-137","page","type-page","status-publish","hentry"],"kubio_ai_page_context":{"short_desc":"","purpose":"general"},"yoast_head":"<!-- This site is optimized with the Yoast SEO plugin v25.3.1 - https:\/\/yoast.com\/wordpress\/plugins\/seo\/ -->\n<title>In\u00edcio - Honrado Assessoria<\/title>\n<meta name=\"description\" content=\"Solu\u00e7\u00f5es completas em gest\u00e3o financeira, contabilidade e seguran\u00e7a do trabalho. Atuamos com laudos, auditorias, licen\u00e7as e conformidade\u00a0legal\" \/>\n<meta name=\"robots\" content=\"index, follow, max-snippet:-1, max-image-preview:large, max-video-preview:-1\" \/>\n<link rel=\"canonical\" href=\"http:\/\/honradoassessoria.com.br\/\" \/>\n<meta property=\"og:locale\" content=\"en_US\" \/>\n<meta property=\"og:type\" content=\"article\" \/>\n<meta property=\"og:title\" content=\"In\u00edcio - Honrado Assessoria\" \/>\n<meta property=\"og:description\" content=\"Solu\u00e7\u00f5es completas em gest\u00e3o financeira, contabilidade e seguran\u00e7a do trabalho. Atuamos com laudos, auditorias, licen\u00e7as e conformidade\u00a0legal\" \/>\n<meta property=\"og:url\" content=\"http:\/\/honradoassessoria.com.br\/\" \/>\n<meta property=\"og:site_name\" content=\"Honrado Assessoria\" \/>\n<meta property=\"article:modified_time\" content=\"2025-07-01T21:27:37+00:00\" \/>\n<meta name=\"twitter:card\" content=\"summary_large_image\" \/>\n<script type=\"application\/ld+json\" class=\"yoast-schema-graph\">{\"@context\":\"https:\/\/schema.org\",\"@graph\":[{\"@type\":\"WebPage\",\"@id\":\"http:\/\/honradoassessoria.com.br\/\",\"url\":\"http:\/\/honradoassessoria.com.br\/\",\"name\":\"In\u00edcio - Honrado Assessoria\",\"isPartOf\":{\"@id\":\"http:\/\/honradoassessoria.com.br\/#website\"},\"datePublished\":\"2025-06-19T15:41:20+00:00\",\"dateModified\":\"2025-07-01T21:27:37+00:00\",\"description\":\"Solu\u00e7\u00f5es completas em gest\u00e3o financeira, contabilidade e seguran\u00e7a do trabalho. Atuamos com laudos, auditorias, licen\u00e7as e conformidade\u00a0legal\",\"breadcrumb\":{\"@id\":\"http:\/\/honradoassessoria.com.br\/#breadcrumb\"},\"inLanguage\":\"en-US\",\"potentialAction\":[{\"@type\":\"ReadAction\",\"target\":[\"http:\/\/honradoassessoria.com.br\/\"]}]},{\"@type\":\"BreadcrumbList\",\"@id\":\"http:\/\/honradoassessoria.com.br\/#breadcrumb\",\"itemListElement\":[{\"@type\":\"ListItem\",\"position\":1,\"name\":\"In\u00edcio\",\"item\":\"http:\/\/honradoassessoria.com.br\/\"},{\"@type\":\"ListItem\",\"position\":2,\"name\":\"In\u00edcio\"}]},{\"@type\":\"WebSite\",\"@id\":\"http:\/\/honradoassessoria.com.br\/#website\",\"url\":\"http:\/\/honradoassessoria.com.br\/\",\"name\":\"Honrado Assessoria\",\"description\":\"\",\"publisher\":{\"@id\":\"http:\/\/honradoassessoria.com.br\/#organization\"},\"potentialAction\":[{\"@type\":\"SearchAction\",\"target\":{\"@type\":\"EntryPoint\",\"urlTemplate\":\"http:\/\/honradoassessoria.com.br\/?s={search_term_string}\"},\"query-input\":{\"@type\":\"PropertyValueSpecification\",\"valueRequired\":true,\"valueName\":\"search_term_string\"}}],\"inLanguage\":\"en-US\"},{\"@type\":\"Organization\",\"@id\":\"http:\/\/honradoassessoria.com.br\/#organization\",\"name\":\"Honrado Assessoria\",\"url\":\"http:\/\/honradoassessoria.com.br\/\",\"logo\":{\"@type\":\"ImageObject\",\"inLanguage\":\"en-US\",\"@id\":\"http:\/\/honradoassessoria.com.br\/#\/schema\/logo\/image\/\",\"url\":\"https:\/\/honradoassessoria.com.br\/wp-content\/uploads\/2025\/06\/imagem_2025-06-19_135647520.png\",\"contentUrl\":\"https:\/\/honradoassessoria.com.br\/wp-content\/uploads\/2025\/06\/imagem_2025-06-19_135647520.png\",\"width\":365,\"height\":341,\"caption\":\"Honrado Assessoria\"},\"image\":{\"@id\":\"http:\/\/honradoassessoria.com.br\/#\/schema\/logo\/image\/\"}}]}<\/script>\n<!-- \/ Yoast SEO plugin. -->","yoast_head_json":{"title":"In\u00edcio - Honrado Assessoria","description":"Solu\u00e7\u00f5es completas em gest\u00e3o financeira, contabilidade e seguran\u00e7a do trabalho. Atuamos com laudos, auditorias, licen\u00e7as e conformidade\u00a0legal","robots":{"index":"index","follow":"follow","max-snippet":"max-snippet:-1","max-image-preview":"max-image-preview:large","max-video-preview":"max-video-preview:-1"},"canonical":"http:\/\/honradoassessoria.com.br\/","og_locale":"en_US","og_type":"article","og_title":"In\u00edcio - Honrado Assessoria","og_description":"Solu\u00e7\u00f5es completas em gest\u00e3o financeira, contabilidade e seguran\u00e7a do trabalho. Atuamos com laudos, auditorias, licen\u00e7as e conformidade\u00a0legal","og_url":"http:\/\/honradoassessoria.com.br\/","og_site_name":"Honrado Assessoria","article_modified_time":"2025-07-01T21:27:37+00:00","twitter_card":"summary_large_image","schema":{"@context":"https:\/\/schema.org","@graph":[{"@type":"WebPage","@id":"http:\/\/honradoassessoria.com.br\/","url":"http:\/\/honradoassessoria.com.br\/","name":"In\u00edcio - Honrado Assessoria","isPartOf":{"@id":"http:\/\/honradoassessoria.com.br\/#website"},"datePublished":"2025-06-19T15:41:20+00:00","dateModified":"2025-07-01T21:27:37+00:00","description":"Solu\u00e7\u00f5es completas em gest\u00e3o financeira, contabilidade e seguran\u00e7a do trabalho. Atuamos com laudos, auditorias, licen\u00e7as e conformidade\u00a0legal","breadcrumb":{"@id":"http:\/\/honradoassessoria.com.br\/#breadcrumb"},"inLanguage":"en-US","potentialAction":[{"@type":"ReadAction","target":["http:\/\/honradoassessoria.com.br\/"]}]},{"@type":"BreadcrumbList","@id":"http:\/\/honradoassessoria.com.br\/#breadcrumb","itemListElement":[{"@type":"ListItem","position":1,"name":"In\u00edcio","item":"http:\/\/honradoassessoria.com.br\/"},{"@type":"ListItem","position":2,"name":"In\u00edcio"}]},{"@type":"WebSite","@id":"http:\/\/honradoassessoria.com.br\/#website","url":"http:\/\/honradoassessoria.com.br\/","name":"Honrado Assessoria","description":"","publisher":{"@id":"http:\/\/honradoassessoria.com.br\/#organization"},"potentialAction":[{"@type":"SearchAction","target":{"@type":"EntryPoint","urlTemplate":"http:\/\/honradoassessoria.com.br\/?s={search_term_string}"},"query-input":{"@type":"PropertyValueSpecification","valueRequired":true,"valueName":"search_term_string"}}],"inLanguage":"en-US"},{"@type":"Organization","@id":"http:\/\/honradoassessoria.com.br\/#organization","name":"Honrado Assessoria","url":"http:\/\/honradoassessoria.com.br\/","logo":{"@type":"ImageObject","inLanguage":"en-US","@id":"http:\/\/honradoassessoria.com.br\/#\/schema\/logo\/image\/","url":"https:\/\/honradoassessoria.com.br\/wp-content\/uploads\/2025\/06\/imagem_2025-06-19_135647520.png","contentUrl":"https:\/\/honradoassessoria.com.br\/wp-content\/uploads\/2025\/06\/imagem_2025-06-19_135647520.png","width":365,"height":341,"caption":"Honrado Assessoria"},"image":{"@id":"http:\/\/honradoassessoria.com.br\/#\/schema\/logo\/image\/"}}]}},"_links":{"self":[{"href":"https:\/\/honradoassessoria.com.br\/index.php?rest_route=\/wp\/v2\/pages\/137","targetHints":{"allow":["GET"]}}],"collection":[{"href":"https:\/\/honradoassessoria.com.br\/index.php?rest_route=\/wp\/v2\/pages"}],"about":[{"href":"https:\/\/honradoassessoria.com.br\/index.php?rest_route=\/wp\/v2\/types\/page"}],"author":[{"embeddable":true,"href":"https:\/\/honradoassessoria.com.br\/index.php?rest_route=\/wp\/v2\/users\/1"}],"replies":[{"embeddable":true,"href":"https:\/\/honradoassessoria.com.br\/index.php?rest_route=%2Fwp%2Fv2%2Fcomments&post=137"}],"version-history":[{"count":37,"href":"https:\/\/honradoassessoria.com.br\/index.php?rest_route=\/wp\/v2\/pages\/137\/revisions"}],"predecessor-version":[{"id":282,"href":"https:\/\/honradoassessoria.com.br\/index.php?rest_route=\/wp\/v2\/pages\/137\/revisions\/282"}],"wp:attachment":[{"href":"https:\/\/honradoassessoria.com.br\/index.php?rest_route=%2Fwp%2Fv2%2Fmedia&parent=137"}],"curies":[{"name":"wp","href":"https:\/\/api.w.org\/{rel}","templated":true}]}}